{"id":1880,"date":"2022-06-18T19:07:42","date_gmt":"2022-06-18T19:07:42","guid":{"rendered":"https:\/\/comprargorra.com\/blog\/?post_type=product&#038;p=1880"},"modified":"2022-06-22T16:52:31","modified_gmt":"2022-06-22T16:52:31","slug":"gorra-vintage-personalizable","status":"publish","type":"product","link":"https:\/\/comprargorra.com\/blog\/personaliza\/gorra-vintage-personalizable\/","title":{"rendered":"Gorra Vintage"},"content":{"rendered":"\t\t<div data-elementor-type=\"section\" data-elementor-id=\"1957\" class=\"elementor elementor-1957\">\n\t\t<div class=\"elementor-section-wrap\">\n\t\t\t\t\t<section class=\"elementor-section elementor-top-section elementor-element elementor-element-784383f elementor-section-boxed elementor-section-height-default elementor-section-height-default\" data-id=\"784383f\" data-element_type=\"section\">\n\t\t\t\t\t\t<div class=\"elementor-container elementor-column-gap-default\">\n\t\t\t\t\t\t\t<div class=\"elementor-row\">\n\t\t\t\t\t<div class=\"elementor-column elementor-col-100 elementor-top-column elementor-element elementor-element-385420a\" data-id=\"385420a\" data-element_type=\"column\">\n\t\t\t<div class=\"elementor-column-wrap elementor-element-populated\">\n\t\t\t\t\t\t\t<div class=\"elementor-widget-wrap\">\n\t\t\t\t\t\t<div class=\"elementor-element elementor-element-9ad0e7b elementor-widget elementor-widget-text-editor\" data-id=\"9ad0e7b\" data-element_type=\"widget\" data-widget_type=\"text-editor.default\">\n\t\t\t\t<div class=\"elementor-widget-container\">\n\t\t\t\t\t\t\t\t<div class=\"elementor-text-editor elementor-clearfix\">\n\t\t\t\t<h3>Personaliza tu gorra f\u00e1cilmente<\/h3>\n<p><strong>1 &#8211;<\/strong> Para empezar a personalizar tu modelo de gorra, gorro o sombrero lo primero que tienes que hacer es elegir de que modo quieres grabar tu dise\u00f1o en el modelo. Puedes <b>escoger entre dos posibilidades de grabado<\/b>:<\/p>\n<ul>\n<li>Bordado con hilo<\/li>\n<li>Impresi\u00f3n por calor<\/li>\n<\/ul>\n<div><b>2 &#8211;<\/b> Necesitamos <b>valorar si su dise\u00f1o puede ser imprimido seg\u00fan la complejidad de su logotipo<\/b>. En nuestro personalizador de gorras puede hacerse una idea de como quedar\u00eda su dise\u00f1o. En el caso de que este todo correcto simplemente procesaremos su pedido.<\/div>\n<div>&nbsp;<\/div>\n<div><strong>3 &#8211;<\/strong> <b>Complete su pedido con su dise\u00f1o o gu\u00e1rdelo para modificar despu\u00e9s<\/b>.&nbsp;No hay costo adicional para imprimir el logotipo (se pueden imprimir todos los logotipos)<\/div>\n<h3>Como enviar mi logotipo o imagen?<\/h3>\n<div>Al empezar a editar su modelo y color de gorra, gorro o sombrero elegido tiene la posibilidad de dise\u00f1ar manualmente o inspirarse en nuestros dise\u00f1os predeterminados.<\/div>\n<div><strong>Tambi\u00e9n puede cargar directamente su logotipo en el panel (formato recomendado .PNG)<\/strong><\/div>\t\t\t\t\t<\/div>\n\t\t\t\t\t\t<\/div>\n\t\t\t\t<\/div>\n\t\t\t\t\t\t<\/div>\n\t\t\t\t\t<\/div>\n\t\t<\/div>\n\t\t\t\t\t\t\t\t<\/div>\n\t\t\t\t\t<\/div>\n\t\t<\/section>\n\t\t\t\t<\/div>\n\t\t<\/div>\n\t\t\n","protected":false},"excerpt":{"rendered":"<p>Gorra <strong>vintage de color Negro o Blanco para personalizar<\/strong>. Tienes la posibilidad de imprimir o bordar tu logotipo o dise\u00f1o en particular en esta fant\u00e1stica gorra al estilo vintage Negra o blanca a tu elecci\u00f3n.<\/p>\n<ul>\n<li>Tama\u00f1o: 53-62CM<\/li>\n<li>Visera curvada con 5 paneles<\/li>\n<li>Agujeros para ventilaci\u00f3n 4<\/li>\n<li>Ajuste trasero: Correa de tela<\/li>\n<\/ul>\n","protected":false},"featured_media":1841,"template":"","meta":{"spay_email":""},"product_cat":[147],"product_tag":[104,157],"yoast_head":"<!-- This site is optimized with the Yoast SEO plugin v19.1 - https:\/\/yoast.com\/wordpress\/plugins\/seo\/ -->\n<title>Gorra Vintage PERSONALIZA ONLINE Gorras Personalizables Tienda Online - Nueva Colecci\u00f3n 2022<\/title>\n<meta name=\"robots\" content=\"index, follow, max-snippet:-1, max-image-preview:large, max-video-preview:-1\" \/>\n<link rel=\"canonical\" href=\"https:\/\/comprargorra.com\/blog\/personaliza\/gorra-vintage-personalizable\/\" \/>\n<meta property=\"og:locale\" content=\"es_ES\" \/>\n<meta property=\"og:type\" content=\"article\" \/>\n<meta property=\"og:title\" content=\"Gorra Vintage PERSONALIZA ONLINE Gorras Personalizables Tienda Online - Nueva Colecci\u00f3n 2022\" \/>\n<meta property=\"og:description\" content=\"Gorra vintage de color Negro o Blanco para personalizar. Tienes la posibilidad de imprimir o bordar tu logotipo o dise\u00f1o en particular en esta fant\u00e1stica gorra al estilo vintage Negra o blanca a tu elecci\u00f3n.   Tama\u00f1o: 53-62CM  Visera curvada con 5 paneles  Agujeros para ventilaci\u00f3n 4  Ajuste trasero: Correa de tela\" \/>\n<meta property=\"og:url\" content=\"https:\/\/comprargorra.com\/blog\/personaliza\/gorra-vintage-personalizable\/\" \/>\n<meta property=\"og:site_name\" content=\"Gorras Personalizables Tienda Online - Nueva Colecci\u00f3n 2022\" \/>\n<meta property=\"article:modified_time\" content=\"2022-06-22T16:52:31+00:00\" \/>\n<meta property=\"og:image\" content=\"https:\/\/comprargorra.com\/blog\/wp-content\/uploads\/2022\/06\/Gorra-negra-vintage-1.jpg\" \/>\n\t<meta property=\"og:image:width\" content=\"878\" \/>\n\t<meta property=\"og:image:height\" content=\"763\" \/>\n\t<meta property=\"og:image:type\" content=\"image\/jpeg\" \/>\n<meta name=\"twitter:card\" content=\"summary\" \/>\n<meta name=\"twitter:label1\" content=\"Tiempo de lectura\" \/>\n\t<meta name=\"twitter:data1\" content=\"1 minuto\" \/>\n<script type=\"application\/ld+json\" class=\"yoast-schema-graph\">{\"@context\":\"https:\/\/schema.org\",\"@graph\":[{\"@type\":\"WebSite\",\"@id\":\"https:\/\/comprargorra.com\/blog\/#website\",\"url\":\"https:\/\/comprargorra.com\/blog\/\",\"name\":\"Gorras Personalizables Tienda Online - Nueva Colecci\u00f3n 2022\",\"description\":\"DESCUENTO de primera compra -10% aplicando c\u00f3digo MENOS10\",\"potentialAction\":[{\"@type\":\"SearchAction\",\"target\":{\"@type\":\"EntryPoint\",\"urlTemplate\":\"https:\/\/comprargorra.com\/blog\/?s={search_term_string}\"},\"query-input\":\"required name=search_term_string\"}],\"inLanguage\":\"es\"},{\"@type\":\"ImageObject\",\"inLanguage\":\"es\",\"@id\":\"https:\/\/comprargorra.com\/blog\/personaliza\/gorra-vintage-personalizable\/#primaryimage\",\"url\":\"https:\/\/comprargorra.com\/blog\/wp-content\/uploads\/2022\/06\/Gorra-negra-vintage-1.jpg\",\"contentUrl\":\"https:\/\/comprargorra.com\/blog\/wp-content\/uploads\/2022\/06\/Gorra-negra-vintage-1.jpg\",\"width\":878,\"height\":763},{\"@type\":\"WebPage\",\"@id\":\"https:\/\/comprargorra.com\/blog\/personaliza\/gorra-vintage-personalizable\/#webpage\",\"url\":\"https:\/\/comprargorra.com\/blog\/personaliza\/gorra-vintage-personalizable\/\",\"name\":\"Gorra Vintage PERSONALIZA ONLINE Gorras Personalizables Tienda Online - Nueva Colecci\u00f3n 2022\",\"isPartOf\":{\"@id\":\"https:\/\/comprargorra.com\/blog\/#website\"},\"primaryImageOfPage\":{\"@id\":\"https:\/\/comprargorra.com\/blog\/personaliza\/gorra-vintage-personalizable\/#primaryimage\"},\"datePublished\":\"2022-06-18T19:07:42+00:00\",\"dateModified\":\"2022-06-22T16:52:31+00:00\",\"breadcrumb\":{\"@id\":\"https:\/\/comprargorra.com\/blog\/personaliza\/gorra-vintage-personalizable\/#breadcrumb\"},\"inLanguage\":\"es\",\"potentialAction\":[{\"@type\":\"ReadAction\",\"target\":[\"https:\/\/comprargorra.com\/blog\/personaliza\/gorra-vintage-personalizable\/\"]}]},{\"@type\":\"BreadcrumbList\",\"@id\":\"https:\/\/comprargorra.com\/blog\/personaliza\/gorra-vintage-personalizable\/#breadcrumb\",\"itemListElement\":[{\"@type\":\"ListItem\",\"position\":1,\"name\":\"Portada\",\"item\":\"https:\/\/comprargorra.com\/blog\/\"},{\"@type\":\"ListItem\",\"position\":2,\"name\":\"Crea tus Gorras Personalizadas\",\"item\":\"https:\/\/comprargorra.com\/blog\/crea-tus-gorras-personalizadas\/\"},{\"@type\":\"ListItem\",\"position\":3,\"name\":\"Gorra Vintage\"}]}]}<\/script>\n<!-- \/ Yoast SEO plugin. -->","yoast_head_json":{"title":"Gorra Vintage PERSONALIZA ONLINE Gorras Personalizables Tienda Online - Nueva Colecci\u00f3n 2022","robots":{"index":"index","follow":"follow","max-snippet":"max-snippet:-1","max-image-preview":"max-image-preview:large","max-video-preview":"max-video-preview:-1"},"canonical":"https:\/\/comprargorra.com\/blog\/personaliza\/gorra-vintage-personalizable\/","og_locale":"es_ES","og_type":"article","og_title":"Gorra Vintage PERSONALIZA ONLINE Gorras Personalizables Tienda Online - Nueva Colecci\u00f3n 2022","og_description":"Gorra vintage de color Negro o Blanco para personalizar. Tienes la posibilidad de imprimir o bordar tu logotipo o dise\u00f1o en particular en esta fant\u00e1stica gorra al estilo vintage Negra o blanca a tu elecci\u00f3n.   Tama\u00f1o: 53-62CM  Visera curvada con 5 paneles  Agujeros para ventilaci\u00f3n 4  Ajuste trasero: Correa de tela","og_url":"https:\/\/comprargorra.com\/blog\/personaliza\/gorra-vintage-personalizable\/","og_site_name":"Gorras Personalizables Tienda Online - Nueva Colecci\u00f3n 2022","article_modified_time":"2022-06-22T16:52:31+00:00","og_image":[{"width":878,"height":763,"url":"https:\/\/comprargorra.com\/blog\/wp-content\/uploads\/2022\/06\/Gorra-negra-vintage-1.jpg","type":"image\/jpeg"}],"twitter_card":"summary","twitter_misc":{"Tiempo de lectura":"1 minuto"},"schema":{"@context":"https:\/\/schema.org","@graph":[{"@type":"WebSite","@id":"https:\/\/comprargorra.com\/blog\/#website","url":"https:\/\/comprargorra.com\/blog\/","name":"Gorras Personalizables Tienda Online - Nueva Colecci\u00f3n 2022","description":"DESCUENTO de primera compra -10% aplicando c\u00f3digo MENOS10","potentialAction":[{"@type":"SearchAction","target":{"@type":"EntryPoint","urlTemplate":"https:\/\/comprargorra.com\/blog\/?s={search_term_string}"},"query-input":"required name=search_term_string"}],"inLanguage":"es"},{"@type":"ImageObject","inLanguage":"es","@id":"https:\/\/comprargorra.com\/blog\/personaliza\/gorra-vintage-personalizable\/#primaryimage","url":"https:\/\/comprargorra.com\/blog\/wp-content\/uploads\/2022\/06\/Gorra-negra-vintage-1.jpg","contentUrl":"https:\/\/comprargorra.com\/blog\/wp-content\/uploads\/2022\/06\/Gorra-negra-vintage-1.jpg","width":878,"height":763},{"@type":"WebPage","@id":"https:\/\/comprargorra.com\/blog\/personaliza\/gorra-vintage-personalizable\/#webpage","url":"https:\/\/comprargorra.com\/blog\/personaliza\/gorra-vintage-personalizable\/","name":"Gorra Vintage PERSONALIZA ONLINE Gorras Personalizables Tienda Online - Nueva Colecci\u00f3n 2022","isPartOf":{"@id":"https:\/\/comprargorra.com\/blog\/#website"},"primaryImageOfPage":{"@id":"https:\/\/comprargorra.com\/blog\/personaliza\/gorra-vintage-personalizable\/#primaryimage"},"datePublished":"2022-06-18T19:07:42+00:00","dateModified":"2022-06-22T16:52:31+00:00","breadcrumb":{"@id":"https:\/\/comprargorra.com\/blog\/personaliza\/gorra-vintage-personalizable\/#breadcrumb"},"inLanguage":"es","potentialAction":[{"@type":"ReadAction","target":["https:\/\/comprargorra.com\/blog\/personaliza\/gorra-vintage-personalizable\/"]}]},{"@type":"BreadcrumbList","@id":"https:\/\/comprargorra.com\/blog\/personaliza\/gorra-vintage-personalizable\/#breadcrumb","itemListElement":[{"@type":"ListItem","position":1,"name":"Portada","item":"https:\/\/comprargorra.com\/blog\/"},{"@type":"ListItem","position":2,"name":"Crea tus Gorras Personalizadas","item":"https:\/\/comprargorra.com\/blog\/crea-tus-gorras-personalizadas\/"},{"@type":"ListItem","position":3,"name":"Gorra Vintage"}]}]}},"_links":{"self":[{"href":"https:\/\/comprargorra.com\/blog\/wp-json\/wp\/v2\/product\/1880"}],"collection":[{"href":"https:\/\/comprargorra.com\/blog\/wp-json\/wp\/v2\/product"}],"about":[{"href":"https:\/\/comprargorra.com\/blog\/wp-json\/wp\/v2\/types\/product"}],"version-history":[{"count":6,"href":"https:\/\/comprargorra.com\/blog\/wp-json\/wp\/v2\/product\/1880\/revisions"}],"predecessor-version":[{"id":2021,"href":"https:\/\/comprargorra.com\/blog\/wp-json\/wp\/v2\/product\/1880\/revisions\/2021"}],"wp:featuredmedia":[{"embeddable":true,"href":"https:\/\/comprargorra.com\/blog\/wp-json\/wp\/v2\/media\/1841"}],"wp:attachment":[{"href":"https:\/\/comprargorra.com\/blog\/wp-json\/wp\/v2\/media?parent=1880"}],"wp:term":[{"taxonomy":"product_cat","embeddable":true,"href":"https:\/\/comprargorra.com\/blog\/wp-json\/wp\/v2\/product_cat?post=1880"},{"taxonomy":"product_tag","embeddable":true,"href":"https:\/\/comprargorra.com\/blog\/wp-json\/wp\/v2\/product_tag?post=1880"}],"curies":[{"name":"wp","href":"https:\/\/api.w.org\/{rel}","templated":true}]}}